
{"id":1258,"date":"2015-10-15T14:50:55","date_gmt":"2015-10-15T14:50:55","guid":{"rendered":"https:\/\/www.lameccfumagalli.com\/home-2\/"},"modified":"2020-04-25T08:17:24","modified_gmt":"2020-04-25T06:17:24","slug":"home","status":"publish","type":"page","link":"https:\/\/www.lameccfumagalli.com\/es\/","title":{"rendered":"Home"},"content":{"rendered":"\n\n<\/p>\n\n","protected":false},"excerpt":{"rendered":"","protected":false},"author":1,"featured_media":0,"parent":0,"menu_order":0,"comment_status":"closed","ping_status":"closed","template":"","meta":{"_acf_changed":false,"_exactmetrics_skip_tracking":false,"_exactmetrics_sitenote_active":false,"_exactmetrics_sitenote_note":"","_exactmetrics_sitenote_category":0,"footnotes":""},"class_list":["post-1258","page","type-page","status-publish","hentry"],"acf":[],"yoast_head":"<!-- This site is optimized with the Yoast SEO plugin v27.2 - https:\/\/yoast.com\/product\/yoast-seo-wordpress\/ -->\n<title>Cortadoras Rebobinadoras para rollos de papel | La Meccanica Fumagalli<\/title>\n<meta name=\"description\" content=\"La Meccanica Fumagalli es l\u00ecder en la producc\u00econ de cortadoras rebobinadoras para rollos de papel , rollos de papel t\u00e9rmico, POS, rollos de plotter, rollos de carton y cortador de tubos\" \/>\n<meta name=\"robots\" content=\"index, follow, max-snippet:-1, max-image-preview:large, max-video-preview:-1\" \/>\n<link rel=\"canonical\" href=\"https:\/\/www.lameccfumagalli.com\/es\/\" \/>\n<meta property=\"og:locale\" content=\"es_ES\" \/>\n<meta property=\"og:type\" content=\"article\" \/>\n<meta property=\"og:title\" content=\"Cortadoras Rebobinadoras para rollos de papel | La Meccanica Fumagalli\" \/>\n<meta property=\"og:description\" content=\"La Meccanica Fumagalli es l\u00ecder en la producc\u00econ de cortadoras rebobinadoras para rollos de papel , rollos de papel t\u00e9rmico, POS, rollos de plotter, rollos de carton y cortador de tubos\" \/>\n<meta property=\"og:url\" content=\"https:\/\/www.lameccfumagalli.com\/es\/\" \/>\n<meta property=\"og:site_name\" content=\"La Meccanica Fumagalli\" \/>\n<meta property=\"article:modified_time\" content=\"2020-04-25T06:17:24+00:00\" \/>\n<meta name=\"twitter:card\" content=\"summary_large_image\" \/>\n<meta name=\"twitter:label1\" content=\"Tiempo de lectura\" \/>\n\t<meta name=\"twitter:data1\" content=\"19 minutos\" \/>\n<script type=\"application\/ld+json\" class=\"yoast-schema-graph\">{\"@context\":\"https:\/\/schema.org\",\"@graph\":[{\"@type\":\"WebPage\",\"@id\":\"https:\/\/www.lameccfumagalli.com\/es\/\",\"url\":\"https:\/\/www.lameccfumagalli.com\/es\/\",\"name\":\"Cortadoras Rebobinadoras para rollos de papel | La Meccanica Fumagalli\",\"isPartOf\":{\"@id\":\"https:\/\/www.lameccfumagalli.com\/en\/#website\"},\"datePublished\":\"2015-10-15T14:50:55+00:00\",\"dateModified\":\"2020-04-25T06:17:24+00:00\",\"description\":\"La Meccanica Fumagalli es l\u00ecder en la producc\u00econ de cortadoras rebobinadoras para rollos de papel , rollos de papel t\u00e9rmico, POS, rollos de plotter, rollos de carton y cortador de tubos\",\"breadcrumb\":{\"@id\":\"https:\/\/www.lameccfumagalli.com\/es\/#breadcrumb\"},\"inLanguage\":\"es\",\"potentialAction\":[{\"@type\":\"ReadAction\",\"target\":[\"https:\/\/www.lameccfumagalli.com\/es\/\"]}]},{\"@type\":\"BreadcrumbList\",\"@id\":\"https:\/\/www.lameccfumagalli.com\/es\/#breadcrumb\",\"itemListElement\":[{\"@type\":\"ListItem\",\"position\":1,\"name\":\"Home\",\"item\":\"https:\/\/www.lameccfumagalli.com\/es\/\"},{\"@type\":\"ListItem\",\"position\":2,\"name\":\"Home\"}]},{\"@type\":\"WebSite\",\"@id\":\"https:\/\/www.lameccfumagalli.com\/en\/#website\",\"url\":\"https:\/\/www.lameccfumagalli.com\/en\/\",\"name\":\"La Meccanica Fumagalli\",\"description\":\"Taglierine ribobinatrici per la produzione di rotoli di carta\",\"publisher\":{\"@id\":\"https:\/\/www.lameccfumagalli.com\/en\/#organization\"},\"potentialAction\":[{\"@type\":\"SearchAction\",\"target\":{\"@type\":\"EntryPoint\",\"urlTemplate\":\"https:\/\/www.lameccfumagalli.com\/en\/?s={search_term_string}\"},\"query-input\":{\"@type\":\"PropertyValueSpecification\",\"valueRequired\":true,\"valueName\":\"search_term_string\"}}],\"inLanguage\":\"es\"},{\"@type\":\"Organization\",\"@id\":\"https:\/\/www.lameccfumagalli.com\/en\/#organization\",\"name\":\"La Meccanica Fumagalli\",\"url\":\"https:\/\/www.lameccfumagalli.com\/en\/\",\"logo\":{\"@type\":\"ImageObject\",\"inLanguage\":\"es\",\"@id\":\"https:\/\/www.lameccfumagalli.com\/en\/#\/schema\/logo\/image\/\",\"url\":\"https:\/\/www.lameccfumagalli.com\/wp-content\/uploads\/2019\/11\/top-fumagalli.png\",\"contentUrl\":\"https:\/\/www.lameccfumagalli.com\/wp-content\/uploads\/2019\/11\/top-fumagalli.png\",\"width\":243,\"height\":140,\"caption\":\"La Meccanica Fumagalli\"},\"image\":{\"@id\":\"https:\/\/www.lameccfumagalli.com\/en\/#\/schema\/logo\/image\/\"}}]}<\/script>\n<!-- \/ Yoast SEO plugin. -->","yoast_head_json":{"title":"Cortadoras Rebobinadoras para rollos de papel | La Meccanica Fumagalli","description":"La Meccanica Fumagalli es l\u00ecder en la producc\u00econ de cortadoras rebobinadoras para rollos de papel , rollos de papel t\u00e9rmico, POS, rollos de plotter, rollos de carton y cortador de tubos","robots":{"index":"index","follow":"follow","max-snippet":"max-snippet:-1","max-image-preview":"max-image-preview:large","max-video-preview":"max-video-preview:-1"},"canonical":"https:\/\/www.lameccfumagalli.com\/es\/","og_locale":"es_ES","og_type":"article","og_title":"Cortadoras Rebobinadoras para rollos de papel | La Meccanica Fumagalli","og_description":"La Meccanica Fumagalli es l\u00ecder en la producc\u00econ de cortadoras rebobinadoras para rollos de papel , rollos de papel t\u00e9rmico, POS, rollos de plotter, rollos de carton y cortador de tubos","og_url":"https:\/\/www.lameccfumagalli.com\/es\/","og_site_name":"La Meccanica Fumagalli","article_modified_time":"2020-04-25T06:17:24+00:00","twitter_card":"summary_large_image","twitter_misc":{"Tiempo de lectura":"19 minutos"},"schema":{"@context":"https:\/\/schema.org","@graph":[{"@type":"WebPage","@id":"https:\/\/www.lameccfumagalli.com\/es\/","url":"https:\/\/www.lameccfumagalli.com\/es\/","name":"Cortadoras Rebobinadoras para rollos de papel | La Meccanica Fumagalli","isPartOf":{"@id":"https:\/\/www.lameccfumagalli.com\/en\/#website"},"datePublished":"2015-10-15T14:50:55+00:00","dateModified":"2020-04-25T06:17:24+00:00","description":"La Meccanica Fumagalli es l\u00ecder en la producc\u00econ de cortadoras rebobinadoras para rollos de papel , rollos de papel t\u00e9rmico, POS, rollos de plotter, rollos de carton y cortador de tubos","breadcrumb":{"@id":"https:\/\/www.lameccfumagalli.com\/es\/#breadcrumb"},"inLanguage":"es","potentialAction":[{"@type":"ReadAction","target":["https:\/\/www.lameccfumagalli.com\/es\/"]}]},{"@type":"BreadcrumbList","@id":"https:\/\/www.lameccfumagalli.com\/es\/#breadcrumb","itemListElement":[{"@type":"ListItem","position":1,"name":"Home","item":"https:\/\/www.lameccfumagalli.com\/es\/"},{"@type":"ListItem","position":2,"name":"Home"}]},{"@type":"WebSite","@id":"https:\/\/www.lameccfumagalli.com\/en\/#website","url":"https:\/\/www.lameccfumagalli.com\/en\/","name":"La Meccanica Fumagalli","description":"Taglierine ribobinatrici per la produzione di rotoli di carta","publisher":{"@id":"https:\/\/www.lameccfumagalli.com\/en\/#organization"},"potentialAction":[{"@type":"SearchAction","target":{"@type":"EntryPoint","urlTemplate":"https:\/\/www.lameccfumagalli.com\/en\/?s={search_term_string}"},"query-input":{"@type":"PropertyValueSpecification","valueRequired":true,"valueName":"search_term_string"}}],"inLanguage":"es"},{"@type":"Organization","@id":"https:\/\/www.lameccfumagalli.com\/en\/#organization","name":"La Meccanica Fumagalli","url":"https:\/\/www.lameccfumagalli.com\/en\/","logo":{"@type":"ImageObject","inLanguage":"es","@id":"https:\/\/www.lameccfumagalli.com\/en\/#\/schema\/logo\/image\/","url":"https:\/\/www.lameccfumagalli.com\/wp-content\/uploads\/2019\/11\/top-fumagalli.png","contentUrl":"https:\/\/www.lameccfumagalli.com\/wp-content\/uploads\/2019\/11\/top-fumagalli.png","width":243,"height":140,"caption":"La Meccanica Fumagalli"},"image":{"@id":"https:\/\/www.lameccfumagalli.com\/en\/#\/schema\/logo\/image\/"}}]}},"_links":{"self":[{"href":"https:\/\/www.lameccfumagalli.com\/es\/wp-json\/wp\/v2\/pages\/1258","targetHints":{"allow":["GET"]}}],"collection":[{"href":"https:\/\/www.lameccfumagalli.com\/es\/wp-json\/wp\/v2\/pages"}],"about":[{"href":"https:\/\/www.lameccfumagalli.com\/es\/wp-json\/wp\/v2\/types\/page"}],"author":[{"embeddable":true,"href":"https:\/\/www.lameccfumagalli.com\/es\/wp-json\/wp\/v2\/users\/1"}],"replies":[{"embeddable":true,"href":"https:\/\/www.lameccfumagalli.com\/es\/wp-json\/wp\/v2\/comments?post=1258"}],"version-history":[{"count":23,"href":"https:\/\/www.lameccfumagalli.com\/es\/wp-json\/wp\/v2\/pages\/1258\/revisions"}],"predecessor-version":[{"id":3614,"href":"https:\/\/www.lameccfumagalli.com\/es\/wp-json\/wp\/v2\/pages\/1258\/revisions\/3614"}],"wp:attachment":[{"href":"https:\/\/www.lameccfumagalli.com\/es\/wp-json\/wp\/v2\/media?parent=1258"}],"curies":[{"name":"wp","href":"https:\/\/api.w.org\/{rel}","templated":true}]}}